{"id":185,"date":"2022-06-24T08:48:59","date_gmt":"2022-06-24T07:48:59","guid":{"rendered":"https:\/\/wwwtmp.studenti.math.unipd.it\/aule\/?page_id=185"},"modified":"2022-08-05T12:55:10","modified_gmt":"2022-08-05T11:55:10","slug":"wolfram","status":"publish","type":"page","link":"https:\/\/www.studenti.math.unipd.it\/aule\/index.php\/wolfram\/","title":{"rendered":"Mathematica"},"content":{"rendered":"\n<div id=\"c876\"  >\n\n\t\t\t<h1>Wolfram Mathematica (gratuito per gli studenti di Matematica)<\/h1>\n<p ><i>Sono state attivate le licenze relative al contratto CAMPUS di Wolfram  Mathematica; al momento il Dipartimento ha un contratto di 3 anni (da aprile 2016) ma le  licenze vengono rinnovate annualmente. Il sito del Servizio Calcolo riporta informazioni specifiche per gli strutturati del Dipartimento alla pagina <a href=\"https:\/\/support.math.unipd.it\/?q=node\/314\" title=\"Opens external link in new window\" target=\"_blank\" rel=\"noopener\">https:\/\/support.math.unipd.it\/?q=node\/314<\/a><br \/><\/i><\/p>\n\n<\/div>\n\n<div id=\"c874\"  >\n\n\t\t\t<ul ><li ><a href=\"#c576\" >Attivazione<\/a><\/li><li ><a href=\"#c578\" >Trasferimento della licenza<\/a><\/li><li ><a href=\"#c890\" >Scadenza e rinnovo della licenza<\/a><\/li><li ><a href=\"#c885\" >Letture\/videocorsi\/eventi per conoscere meglio Mathematica<\/a><\/li><li ><a href=\"#c882\" >Altre licenze (per studenti non necessariamente iscritti a Matematica)<\/a><\/li><\/ul>\n\n<\/div>\n\n<div  >\n   <div ><hr \/><\/div>\n<\/div>\n<p ><a href=\"#\">To top<\/a><\/p>\n\t\t\n\n<div id=\"c576\"  >\n  <div ><h1>Attivazione<\/h1><\/div>\n    <div >\n\t\t\t<p ><b>Ogni studente delle lauree in Matematica (di primo livello,&nbsp;magistrale, triennale, specialistica, vecchi  ordinamenti) e della scuola di dottorato in Matematica pu\u00f2 ottenere la  propria copia di Wolfram Mathematica. <\/b>\n<\/p>\n<p ><b>Gli studenti regolarmente iscritti a<\/b><b><b>lle lauree in Matematica<\/b> possono ottenere il link segreto dalla pagina <a href=\"https:\/\/elearning.math.unipd.it\/mathematica\/Link\/\" title=\"Opens external link in new window\" target=\"_blank\" rel=\"noopener\">https:\/\/elearning.math.unipd.it\/mathematica\/Link\/<\/a> apribile usando il SSO di Ateneo (UniPD SSO, account @studenti.math.unipd.it)<\/b>.\n<\/p>\n<p ><b>Gli studenti che non possono accedere alla pagina appena indicata (ad esempio alcuni studenti della Scuola Galileiana e&nbsp;di dottorato) o chi avesse problemi <\/b><b><b> (ad esempio gli studenti appena iscritti alla laurea magistrale) <\/b>richiedano, via e-mail, il link segreto al Servizio Calcolo.<\/b><br \/> <\/p><ol><li>occorre innanzitutto procedere alla propria registrazione compilando la <i>Wolfram Activation Key Request Form<\/i> (il link che teniamo segreto) con nome, cognome (<b>per favore non invertirti e compilati usando le maiuscole iniziali!<\/b>) e  l&#8217;e-mail fornita dell&#8217;Universit\u00e0 al momento dell&#8217;immatricolazione (<a href=\"javascript:linkTo_UnCryptMailto('nbjmup+opnf\/dphopnfAtuvefouj\/vojqe\/ju');\"  >nome.cognome(at)studenti.unipd.it<\/a>); <b>non verr\u00e0  acettata la registrazione con email diverse<\/b>;<ul><li>scegliere una password <b >diversa<\/b> da quella della mail  dell&#8217;Universit\u00e0 e <b >diversa<\/b> da quella dei laboratori informatici del  Dipartimento di Matematica: <b>non \u00e8 mai opportuno fornire le proprie credenziale ad enti esterni anche perch\u00e9 usando la stessa password la compromissione di uno potrebbe portare alla compromissione tutti<\/b>;<\/li><li>il nostro dipartimento si chiama &quot;<b>Dipartimento di Matematica<\/b>&quot;,  potete anche indicare &quot;Dipartimento di Matematica &#8211; corso di  laurea\/corso di laurea magistrale\/scuola di dottorato in&#8230;&quot;<\/li><li>come &quot;<b>Anticipated Graduation<\/b>&quot; si pu\u00f2 mettere la data relativa alla  fine del ciclo di studi corrente (il contratto Campus \u00e8 comunque  compatibile con uno o pi\u00f9 successivi rinnovi);<\/li><\/ul><\/li><li><b>conservare con cura il numero della licenza e gli altri dati forniti dal portale Wolfram;<\/b><\/li><li>usare il link segreto solo la prima volta; dopo la prima volta entare nel portale Wolfram da <a href=\"https:\/\/user.wolfram.com\/portal\/login.html\" target=\"_blank\" rel=\"noopener\">https:\/\/user.wolfram.com\/portal\/login.html<\/a> <\/li><li>a conclusione della procedura si ottiene una mail con un link per  scaricare il software e la chiave di attivazione; come suggerisce il messaggio<blockquote>\u201cYour request for an activation key for Mathematica for Students for Sites has been submitted for approval to your organization&#8217;s Site License Administrator. You have been temporarily assigned the following activation key for Mathematica for Students for Sites\u201d<\/blockquote>la licenza avr\u00e0 una validit\u00e0 di 15 giorni; sar\u00e0 poi cura del  Servizio Calcolo procedere all&#8217;attivazione definitiva della licenza dopo  aver controllato l&#8217;appartenenza al corso di studi\/scuola di dottorato e  la regolarit\u00e0 nel pagamento delle eventuali tasse;<\/li><li>se si clicca pi\u00f9 di una volta sul link di attivazione si potrebbe  ottenere una pagina col messaggio &quot;This link is not the right address  for this user.&quot;; se il resto della procedura funziona, non tenerne conto.<\/li><li>nel caso il Download avesse problemi:<ol><li>ripartire da <a href=\"https:\/\/user.wolfram.com\/portal\/login.html\" target=\"_blank\" rel=\"noopener\">https:\/\/user.wolfram.com\/portal\/login.html<\/a> e non dal link segreto<\/li><li>scegliere &quot;My Products and Services&quot; &#8211; <a href=\"https:\/\/user.wolfram.com\/portal\/myProducts.html\" target=\"_blank\" rel=\"noopener\">https:\/\/user.wolfram.com\/portal\/myProducts.html<\/a><\/li><li>scegliere il prodotto <\/li><li>se non appare nulla cliccare su &quot;+Add Products&quot; e compilare il  modulo <\/li><li>dalla pagina <a href=\"https:\/\/user.wolfram.com\/portal\/mySiteUserProduct.html?licnumber=\" target=\"_blank\" rel=\"noopener\">https:\/\/user.wolfram.com\/portal\/mySiteUserProduct.html?licnumber=<\/a>&#8230; scegliere di nuovo Download<\/li><\/ol><\/li><li>la licenza&nbsp;\u00e8 personale:&nbsp;assicurarsi di essere l&#8217;unica&nbsp;persona&nbsp;che pu\u00f2 usare con la propria licenza&nbsp;il programma sul computer\/sistema operativo scelto per l&#8217;installazione; per ottenere il risultato,&nbsp;potrebbe essere sufficiente&nbsp;rendere leggile solo al proprio utente il file mathpass: <a href=\"http:\/\/reference.wolfram.com\/mathematica\/tutorial\/ConfigurationFiles.html\" title=\"Opens external link in new window\" target=\"_blank\" rel=\"noopener\">percorso&nbsp;dei&nbsp;file di configurazione<\/a><\/li><li>la licenza&nbsp;\u00e8 legata al proprio stato di studente: disinstallare il programma&nbsp;quando non pi\u00f9 studenti di matematica dell&#8217;Universit\u00e0 di Padova<\/li><\/ol>\n<\/div>\n<\/div>\n\t\t\n<div  >\n\t\t\t<div ><hr \/><\/div>\n\t\t\t<\/div><p ><a href=\"#\">To top<\/a><\/p>\n\t\t<div id=\"c578\"  >\n\t\t\t<div ><h1>Trasferimento della licenza<\/h1><\/div>\n\t\t\t<div ><div ><img loading=\"lazy\" src=\"\/images\/mathematica.png\" width=\"300\" height=\"223\" border=\"0\" alt=\"\" \/><\/div><div >\n\t\t\t<ol><li>Online System Transfers&#8211;Users who need to move their product to another system or CPU, or who need to reset their activation key after reconfiguring their computer&#8217;s hardware, can now complete a system transfer online at: <a href=\"https:\/\/user.wolfram.com\/portal\/requestSystemTransfer.html\" target=\"_blank\" rel=\"noopener\">https:\/\/user.wolfram.com\/portal\/requestSystemTransfer.html<\/a> <\/li><li>Once the system transfer is completed, the user can reactivate their product using their existing activation key. If the user has requested a previous system transfer within the past few months, the activation key will be extended temporarily (2 weeks) and sent to Wolfram for review. After the request is validated, the key will be extended.<\/li><li><b>If it has been requested that users revalidate their status before being renewed  (Servizio Calcolo has to see &quot;Require Users to Revalidate Affiliation for Upgrades\/Renewals&quot;  under Site Settings), user will be asked to click a hyperlink to  validate that the email address they used to register their activation  key is still active before their key is extended. <\/b><\/li> <li>in caso di problemi avvertire il Servizio Calcolo (<a href=\"http:\/\/support.wolfram.com\/kb\/83\" title=\"Opens external link in new window\" target=\"_blank\" rel=\"noopener\">http:\/\/support.wolfram.com\/kb\/83<\/a>)<\/li><\/ol>\n\t\t\t<\/div><\/div><div ><!-- --><\/div>\n\t\t\t<\/div>\n\t\t<div  >\n\n\t\t\t<div ><hr \/><\/div>\n\t\t\t<\/div><p ><a href=\"#\">To top<\/a><\/p>\n\t\t<div id=\"c890\"  >\n\t\t\t<div ><h1>Scadenza e rinnovo della licenza<\/h1><\/div>\n\t\t\t<p >Il portale della Wolfram non permette ai tecnici del Dipartimento&nbsp;di inviare la lista dei laureati per cancellarli o inviare la lista degli iscritti per terminare la licenza dell&#8217;insieme complementare. Dovendo quindi procedere a mano, \u00e8 stato deciso di: <\/p><ul><li>far scadere le licenze una volta all&#8217;anno<\/li><li>attendere che siano i singoli studenti a chiederne una nuova con la procedura di attivazione<\/li><\/ul><p >Pertanto, per tutti gli studenti (anche per i dottorandi ed i docenti a tempo determinato), ogni singola licenza scade allo <b>scadere del contratto annuale<\/b> del Dipartimento: la data risultante \u00e8 il 30 aprile (uguale per tutti e decisa dalla Wolfram una volta che i rinnovi automatici sono disabilitati), in quanto anche il contratto fra il Dipartimento di Matematica e la Wolfram ha una validit\u00e0 di un anno ed il 30 marzo (un mese prima) \u00e8 la scadenza della rata annuale.\n<\/p>\n<p >Gli studenti interessati a rinnovare la propria licenza in seguito alla scadenza annuale dovranno quindi farne nuovamente richiesta tramite la <a href=\"#c576\" title=\"Opens internal link in current window\"  >procedura di attivazione<\/a>&nbsp;descritta in precedenza.\n<\/p>\n<p ><i>Non confondere la scadenza annuale con quella \u201ctemporanea\u201d<\/i>: a conclusione della procedura di attivazione della licenza, infatti, si riceve una mail del tipo <\/p><blockquote style=\"margin-bottom:0;margin-top:0;\"><p >Your request for an activation key for Mathematica for Students for Sites has been submitted for approval to your organization&#8217;s Site License Administrator. You have been temporarily assigned the following activation key for Mathematica for Students for Sites:<\/p><\/blockquote><blockquote style=\"margin-bottom:0;margin-top:0;\"><p >Activation Key: XXX<br \/>Product: Mathematica for Students for Sites<br \/>Platform: All<\/p><\/blockquote><blockquote style=\"margin-bottom:0;margin-top:0;\"><p >This key will allow you to use the product until [<b>data della richiesta + 15 giorni<\/b>]. If your request is approved, this activation key will automatically be extended. To download your product from the Wolfram User Portal, go to: https:\/\/user.wolfram.com\/XXX<\/p><\/blockquote><p >La data indicata nel messaggio \u00e8 legata al fatto che il portale della Wolfram d\u00e0 ai tecnici 15 giorni (il giorno della richiesta pi\u00f9 altri 14) per controllare che il singolo studente sia regolarmente iscritto: se per allora la richiesta dello studente sar\u00e0 stata approvata, la sua licenza durer\u00e0 fino alla scadenza annuale comune a tutti gli studenti.<\/p>\n\t\t\t<\/div>\n\t\t<div  >\n\t\t\t<div ><hr \/><\/div>\n\t\t\t<\/div><p ><a href=\"#\">To top<\/a><\/p>\n\t\t<div id=\"c885\"  >\n\t\t\t<div ><h1>Letture\/videocorsi\/eventi per conoscere meglio Mathematica<\/h1><\/div>\n\t\t\t<h3>Corso di introduzione al software Mathematica<\/h3>\n<p >Sono disponibili sul canale YouTube di Dipartimento le videolezioni del&nbsp;seminario introduttivo all&#8217;uso di Mathematica tenuto dal Prof. Fass\u00f2.\n<\/p>\n<p ><a href=\"https:\/\/www.youtube.com\/watch?v=JfRzv6r0wqM&amp;t=3s\" title=\"Opens external link in new window\" target=\"_blank\" rel=\"noopener\">Introduzione all&#8217;uso di Mathematica &#8211; prima parte<\/a><br \/><a href=\"https:\/\/www.youtube.com\/watch?v=tUuwgiGipfw&amp;t=1s\" title=\"Opens external link in new window\" target=\"_blank\" rel=\"noopener\">Introduzione all&#8217;uso di Mathematica &#8211; seconda parte<\/a>\n<\/p>\n<h3>Adalta\/Wolfram WebSeminar (in italiano)<\/h3>\n<p > Si tratta di Webseminar gratuiti, online, di 1ora ciascuno, dedicati alle caratteristiche  principali di Mathematica.      Per i principianti si segnalano in particolare i moduli &quot;I primi 60 minuti&quot; e &quot;Lo strumento di calcolo&quot;.\n<\/p>\n<p >Per verificare quali sono le prossime date a calendario e per preregistrarsi agli appuntamenti di interesse andare sul sito di Adalta  (il revenditore da cui il Dipartimento ha ottenuto le proprie licenze).\n<\/p>\n<p ><a href=\"http:\/\/www.adalta.it\/SeminarioMathematica\" target=\"_blank\" rel=\"noopener\">http:\/\/www.adalta.it\/SeminarioMathematica<\/a> \n<\/p>\n<h3>Student First Course<\/h3>\n<p > Lo &quot;Student First Course&quot; \u00e8 accessibile ma solo per strutturati,  dottorandi e studenti aventi diritto. Gli studenti delle lauree in  matematica accederanno attraverso il SSO di Ateneo ed il link: <br \/> <br \/><a href=\"https:\/\/elearning.math.unipd.it\/mathematica\/Corso\" target=\"_blank\" rel=\"noopener\">https:\/\/elearning.math.unipd.it\/mathematica\/Corso\/<\/a>&nbsp; (Student First Course) <br \/> <br \/>I dottorandi possono invece accedere con la password della posta  @math.unipd.it dalla pagina: <br \/> <br \/><a href=\"https:\/\/www.math.unipd.it\/software\/\" target=\"_blank\" rel=\"noopener\">https:\/\/www.math.unipd.it\/software\/<\/a> <br \/> \n<\/p>\n<h3>Altre letture\/videocorsi\/eventi<\/h3>\n<p > <a href=\"http:\/\/www.wolfram.com\/broadcast\/screencasts\/handsonstart\/\" target=\"_blank\" rel=\"noopener\">http:\/\/www.wolfram.com\/broadcast\/screencasts\/handsonstart\/<\/a> <br \/><a href=\"http:\/\/www.wolfram.com\/support\/learn\/\" target=\"_blank\" rel=\"noopener\">http:\/\/www.wolfram.com\/support\/learn\/<\/a> <br \/><a href=\"http:\/\/reference.wolfram.com\/mathematica\/guide\/Mathematica.html\" target=\"_blank\" rel=\"noopener\">http:\/\/reference.wolfram.com\/mathematica\/guide\/Mathematica.html<\/a> <br \/> <br \/><a href=\"http:\/\/community.wolfram.com\/\" target=\"_blank\" rel=\"noopener\">http:\/\/community.wolfram.com\/<\/a> <br \/><a href=\"http:\/\/blog.wolfram.com\/2013\/07\/23\/announcing-wolfram-community\/\" target=\"_blank\" rel=\"noopener\">http:\/\/blog.wolfram.com\/2013\/07\/23\/announcing-wolfram-community\/<\/a> <\/p>\n\t\t\t<\/div>\n\t\t<div  >\n\t\t\t<div ><hr \/><\/div>\n\t\t\t<\/div><p ><a href=\"#\">To top<\/a><\/p>\n\t\t<div id=\"c882\"  >\n\t\t\t<div ><h1>Altre licenze (per studenti non necessariamente iscritti a Matematica)<\/h1><\/div>\n\t\t\t<ul><li>Studenti iscritti a corsi di studio&nbsp;afferenti ad altri Dipartimenti debbono fare riferimento ai propri tecnici ed al proprio sito.<br \/><a href=\"http:\/\/www.adalta.it\/Pages\/Wolfram-Convenzione.asp\" target=\"_blank\" rel=\"noopener\">http:\/\/www.adalta.it\/Pages\/Wolfram-Convenzione.asp<\/a> <br \/> In particolare, gli studenti di<b> Fisica e Astronomia<\/b> devono seguire le istruzioni riportate nella pagina  <br \/> <a href=\"http:\/\/www.dfa.unipd.it\/index.php?id=math\" title=\"Opens external link in new window\" target=\"_blank\" rel=\"noopener\">http:\/\/www.dfa.unipd.it\/index.php?id=math<\/a><\/li><\/ul><ul><li>Tutti gli studenti (anche quelli di <b>Informatica<\/b>) possono comprare una licenza personale scontata di Wolfram Mathematica<br \/><a href=\"https:\/\/store.wolfram.com\/view\/app\/mathematica\/student\" target=\"_blank\" rel=\"noopener\">https:\/\/store.wolfram.com\/view\/app\/mathematica\/student<\/a><\/li><\/ul><ul><li>Per gli acquirenti di Raspberry Pi dovrebbe essere possibile ottenere una licenza gratuita da usare sul dispositivo (consigliamo di controllare che l&#8217;offerta sia ancora in corso e valida sul dispositivo che si intende comprare):<b><i><br \/>As with Wolfram|Alpha on the web, the Wolfram Language (and Mathematica) on the Raspberry Pi are going to be free for anyone to use for personal purposes.<br \/><\/i><\/b><a href=\"http:\/\/blog.stephenwolfram.com\/2013\/11\/putting-the-wolfram-language-and-mathematica-on-every-raspberry-pi\/\" title=\"Opens external link in new window\" target=\"_blank\" rel=\"noopener\">http:\/\/blog.stephenwolfram.com\/2013\/11\/putting-the-wolfram-language-and-mathematica-on-every-raspberry-pi\/<\/a><\/li><\/ul>\n\t\t\t<\/div>\n\t\t<div  >\n\t\t\t<div ><hr \/><\/div>\n\t\t\t<\/div><p ><a href=\"#\">To top<\/a><\/p>\n\t\t     <\/div>\n","protected":false},"excerpt":{"rendered":"<p>Wolfram Mathematica (gratuito per gli studenti di Matematica) Sono state attivate le licenze relative al contratto CAMPUS di Wolfram Mathematica; al momento il Dipartimento ha un contratto di 3 anni (da aprile 2016) ma le licenze vengono rinnovate annualmente. Il &hellip;<\/p>\n<p class=\"read-more\"> <a class=\"more-link\" href=\"https:\/\/www.studenti.math.unipd.it\/aule\/index.php\/wolfram\/\"> <span class=\"screen-reader-text\">Mathematica<\/span> Read More &raquo;<\/a><\/p>\n","protected":false},"author":1,"featured_media":0,"parent":0,"menu_order":0,"comment_status":"closed","ping_status":"closed","template":"","meta":[],"_links":{"self":[{"href":"https:\/\/www.studenti.math.unipd.it\/aule\/index.php\/wp-json\/wp\/v2\/pages\/185"}],"collection":[{"href":"https:\/\/www.studenti.math.unipd.it\/aule\/index.php\/wp-json\/wp\/v2\/pages"}],"about":[{"href":"https:\/\/www.studenti.math.unipd.it\/aule\/index.php\/wp-json\/wp\/v2\/types\/page"}],"author":[{"embeddable":true,"href":"https:\/\/www.studenti.math.unipd.it\/aule\/index.php\/wp-json\/wp\/v2\/users\/1"}],"replies":[{"embeddable":true,"href":"https:\/\/www.studenti.math.unipd.it\/aule\/index.php\/wp-json\/wp\/v2\/comments?post=185"}],"version-history":[{"count":3,"href":"https:\/\/www.studenti.math.unipd.it\/aule\/index.php\/wp-json\/wp\/v2\/pages\/185\/revisions"}],"predecessor-version":[{"id":190,"href":"https:\/\/www.studenti.math.unipd.it\/aule\/index.php\/wp-json\/wp\/v2\/pages\/185\/revisions\/190"}],"wp:attachment":[{"href":"https:\/\/www.studenti.math.unipd.it\/aule\/index.php\/wp-json\/wp\/v2\/media?parent=185"}],"curies":[{"name":"wp","href":"https:\/\/api.w.org\/{rel}","templated":true}]}}