{"id":226,"date":"2022-07-29T10:59:56","date_gmt":"2022-07-29T09:59:56","guid":{"rendered":"https:\/\/wwwtmp.studenti.math.unipd.it\/aule\/?page_id=226"},"modified":"2022-07-29T10:59:56","modified_gmt":"2022-07-29T09:59:56","slug":"lab24h-windows","status":"publish","type":"page","link":"https:\/\/www.studenti.math.unipd.it\/aule\/index.php\/lab24h-windows\/","title":{"rendered":"LAb24h &#8211; Windows"},"content":{"rendered":"\n<p>Per effettuare il collegamento da ora in poi, una volta lanciato \u2018remmina\u2019 baster\u00e0 fare un doppio click sulla riga, comparir\u00e0 una finestra di richiesta password dove inserire la propria password per le aule informatiche. A questo punto comparir\u00e0 la finestra che contiene il desktop del computer remoto e si potr\u00e0 cominciare a lavorare. La prima volta che ci si collega, se non ci si \u00e8 mai collegati via SSH alle aule informatiche verr\u00e0 chiesto di accettare le chiavi crittografiche del sistema.<\/p>\n\n\n\n<figure class=\"wp-block-image size-full\"><img loading=\"lazy\" width=\"947\" height=\"759\" src=\"https:\/\/wwwtmp.studenti.math.unipd.it\/aule\/wp-content\/uploads\/2022\/07\/windows_1.jpg\" alt=\"\" class=\"wp-image-227\" srcset=\"https:\/\/www.studenti.math.unipd.it\/aule\/wp-content\/uploads\/2022\/07\/windows_1.jpg 947w, https:\/\/www.studenti.math.unipd.it\/aule\/wp-content\/uploads\/2022\/07\/windows_1-300x240.jpg 300w, https:\/\/www.studenti.math.unipd.it\/aule\/wp-content\/uploads\/2022\/07\/windows_1-768x616.jpg 768w, https:\/\/www.studenti.math.unipd.it\/aule\/wp-content\/uploads\/2022\/07\/windows_1-100x80.jpg 100w, https:\/\/www.studenti.math.unipd.it\/aule\/wp-content\/uploads\/2022\/07\/windows_1-150x120.jpg 150w, https:\/\/www.studenti.math.unipd.it\/aule\/wp-content\/uploads\/2022\/07\/windows_1-200x160.jpg 200w, https:\/\/www.studenti.math.unipd.it\/aule\/wp-content\/uploads\/2022\/07\/windows_1-450x361.jpg 450w, https:\/\/www.studenti.math.unipd.it\/aule\/wp-content\/uploads\/2022\/07\/windows_1-600x481.jpg 600w, https:\/\/www.studenti.math.unipd.it\/aule\/wp-content\/uploads\/2022\/07\/windows_1-900x721.jpg 900w\" sizes=\"(max-width: 947px) 100vw, 947px\" \/><\/figure>\n\n\n\n<ul><li>A questo punto cliccare sul tab \u2018Options\u2019 nel quale spuntare la voce: \u201cOpen Remote Desktop\u201d. La schermata si presenter\u00e0 quindi:<\/li><\/ul>\n\n\n\n<figure class=\"wp-block-image size-full\"><img loading=\"lazy\" width=\"947\" height=\"759\" src=\"https:\/\/wwwtmp.studenti.math.unipd.it\/aule\/wp-content\/uploads\/2022\/07\/windows_2.jpg\" alt=\"\" class=\"wp-image-228\" srcset=\"https:\/\/www.studenti.math.unipd.it\/aule\/wp-content\/uploads\/2022\/07\/windows_2.jpg 947w, https:\/\/www.studenti.math.unipd.it\/aule\/wp-content\/uploads\/2022\/07\/windows_2-300x240.jpg 300w, https:\/\/www.studenti.math.unipd.it\/aule\/wp-content\/uploads\/2022\/07\/windows_2-768x616.jpg 768w, https:\/\/www.studenti.math.unipd.it\/aule\/wp-content\/uploads\/2022\/07\/windows_2-100x80.jpg 100w, https:\/\/www.studenti.math.unipd.it\/aule\/wp-content\/uploads\/2022\/07\/windows_2-150x120.jpg 150w, https:\/\/www.studenti.math.unipd.it\/aule\/wp-content\/uploads\/2022\/07\/windows_2-200x160.jpg 200w, https:\/\/www.studenti.math.unipd.it\/aule\/wp-content\/uploads\/2022\/07\/windows_2-450x361.jpg 450w, https:\/\/www.studenti.math.unipd.it\/aule\/wp-content\/uploads\/2022\/07\/windows_2-600x481.jpg 600w, https:\/\/www.studenti.math.unipd.it\/aule\/wp-content\/uploads\/2022\/07\/windows_2-900x721.jpg 900w\" sizes=\"(max-width: 947px) 100vw, 947px\" \/><\/figure>\n\n\n\n<p>Salvare il profilo cos\u00ec creato in un file a piacere, se lo si mette sul proprio Desktop\/Scrivania sar\u00e0 facilmente disponibile. Una volta salvato il profilo con un doppio click sul file salvato il programma si riaprir\u00e0 con tutte le impostazioni appena effettuate gi\u00e0 impostate. A questo punto possiamo tentare il primo collegamento cliccando sul bottone \u2018Log in\u2019. La prima volta che ci si connette \u00e8 perfettamente normale che si presenti una finestra di questo tipo:<\/p>\n\n\n\n<div class=\"wp-block-image\"><figure class=\"aligncenter size-full\"><img loading=\"lazy\" width=\"583\" height=\"523\" src=\"https:\/\/wwwtmp.studenti.math.unipd.it\/aule\/wp-content\/uploads\/2022\/07\/windows_3.jpg\" alt=\"\" class=\"wp-image-229\" srcset=\"https:\/\/www.studenti.math.unipd.it\/aule\/wp-content\/uploads\/2022\/07\/windows_3.jpg 583w, https:\/\/www.studenti.math.unipd.it\/aule\/wp-content\/uploads\/2022\/07\/windows_3-300x269.jpg 300w, https:\/\/www.studenti.math.unipd.it\/aule\/wp-content\/uploads\/2022\/07\/windows_3-100x90.jpg 100w, https:\/\/www.studenti.math.unipd.it\/aule\/wp-content\/uploads\/2022\/07\/windows_3-150x135.jpg 150w, https:\/\/www.studenti.math.unipd.it\/aule\/wp-content\/uploads\/2022\/07\/windows_3-200x179.jpg 200w, https:\/\/www.studenti.math.unipd.it\/aule\/wp-content\/uploads\/2022\/07\/windows_3-450x404.jpg 450w\" sizes=\"(max-width: 583px) 100vw, 583px\" \/><\/figure><\/div>\n\n\n\n<p>Cliccare su \u2018Accept and Save\u2019. La prossima schermata ci chiede la password relativa alle credenziali delle aule informatiche del Dipartimento di Matematica:<\/p>\n\n\n\n<div class=\"wp-block-image\"><figure class=\"aligncenter size-full\"><img loading=\"lazy\" width=\"432\" height=\"352\" src=\"https:\/\/wwwtmp.studenti.math.unipd.it\/aule\/wp-content\/uploads\/2022\/07\/windows_4.jpg\" alt=\"\" class=\"wp-image-230\" srcset=\"https:\/\/www.studenti.math.unipd.it\/aule\/wp-content\/uploads\/2022\/07\/windows_4.jpg 432w, https:\/\/www.studenti.math.unipd.it\/aule\/wp-content\/uploads\/2022\/07\/windows_4-300x244.jpg 300w, https:\/\/www.studenti.math.unipd.it\/aule\/wp-content\/uploads\/2022\/07\/windows_4-100x81.jpg 100w, https:\/\/www.studenti.math.unipd.it\/aule\/wp-content\/uploads\/2022\/07\/windows_4-150x122.jpg 150w, https:\/\/www.studenti.math.unipd.it\/aule\/wp-content\/uploads\/2022\/07\/windows_4-200x163.jpg 200w\" sizes=\"(max-width: 432px) 100vw, 432px\" \/><\/figure><\/div>\n\n\n\n<p>Naturalmente \u2018my-username\u2019 sar\u00e0 sostituito dalla \u2018login\/username\u2019 associata alle proprie credenziali delle aule informatiche del Dipartimento di Matematica. Inserire la password, passa qualche istante e compaiono tre finestre:<\/p>\n\n\n\n<ul><li>1 \u2013 un terminale della macchina remota sul quale possiamo dare comandi<\/li><li>2 \u2013 una interfaccia per il trasferimento dei file<\/li><li>3 \u2013 questa finestra: nella quale cliccare il bottone \u2018Connetti\u2019. A questo punto comparir\u00e0 la finestra che contiene il desktop del computer remoto e si potr\u00e0 cominciare a lavorare.<\/li><\/ul>\n\n\n\n<figure class=\"wp-block-image size-full\"><img loading=\"lazy\" width=\"812\" height=\"446\" src=\"https:\/\/wwwtmp.studenti.math.unipd.it\/aule\/wp-content\/uploads\/2022\/07\/windows_5.jpg\" alt=\"\" class=\"wp-image-231\" srcset=\"https:\/\/www.studenti.math.unipd.it\/aule\/wp-content\/uploads\/2022\/07\/windows_5.jpg 812w, https:\/\/www.studenti.math.unipd.it\/aule\/wp-content\/uploads\/2022\/07\/windows_5-300x165.jpg 300w, https:\/\/www.studenti.math.unipd.it\/aule\/wp-content\/uploads\/2022\/07\/windows_5-768x422.jpg 768w, https:\/\/www.studenti.math.unipd.it\/aule\/wp-content\/uploads\/2022\/07\/windows_5-100x55.jpg 100w, https:\/\/www.studenti.math.unipd.it\/aule\/wp-content\/uploads\/2022\/07\/windows_5-150x82.jpg 150w, https:\/\/www.studenti.math.unipd.it\/aule\/wp-content\/uploads\/2022\/07\/windows_5-200x110.jpg 200w, https:\/\/www.studenti.math.unipd.it\/aule\/wp-content\/uploads\/2022\/07\/windows_5-450x247.jpg 450w, https:\/\/www.studenti.math.unipd.it\/aule\/wp-content\/uploads\/2022\/07\/windows_5-600x330.jpg 600w\" sizes=\"(max-width: 812px) 100vw, 812px\" \/><\/figure>\n","protected":false},"excerpt":{"rendered":"<p>Per effettuare il collegamento da ora in poi, una volta lanciato \u2018remmina\u2019 baster\u00e0 fare un doppio click sulla riga, comparir\u00e0 una finestra di richiesta password dove inserire la propria password per le aule informatiche. A questo punto comparir\u00e0 la finestra &hellip;<\/p>\n<p class=\"read-more\"> <a class=\"more-link\" href=\"https:\/\/www.studenti.math.unipd.it\/aule\/index.php\/lab24h-windows\/\"> <span class=\"screen-reader-text\">LAb24h &#8211; Windows<\/span> Read More &raquo;<\/a><\/p>\n","protected":false},"author":1,"featured_media":0,"parent":0,"menu_order":0,"comment_status":"closed","ping_status":"closed","template":"","meta":[],"_links":{"self":[{"href":"https:\/\/www.studenti.math.unipd.it\/aule\/index.php\/wp-json\/wp\/v2\/pages\/226"}],"collection":[{"href":"https:\/\/www.studenti.math.unipd.it\/aule\/index.php\/wp-json\/wp\/v2\/pages"}],"about":[{"href":"https:\/\/www.studenti.math.unipd.it\/aule\/index.php\/wp-json\/wp\/v2\/types\/page"}],"author":[{"embeddable":true,"href":"https:\/\/www.studenti.math.unipd.it\/aule\/index.php\/wp-json\/wp\/v2\/users\/1"}],"replies":[{"embeddable":true,"href":"https:\/\/www.studenti.math.unipd.it\/aule\/index.php\/wp-json\/wp\/v2\/comments?post=226"}],"version-history":[{"count":1,"href":"https:\/\/www.studenti.math.unipd.it\/aule\/index.php\/wp-json\/wp\/v2\/pages\/226\/revisions"}],"predecessor-version":[{"id":232,"href":"https:\/\/www.studenti.math.unipd.it\/aule\/index.php\/wp-json\/wp\/v2\/pages\/226\/revisions\/232"}],"wp:attachment":[{"href":"https:\/\/www.studenti.math.unipd.it\/aule\/index.php\/wp-json\/wp\/v2\/media?parent=226"}],"curies":[{"name":"wp","href":"https:\/\/api.w.org\/{rel}","templated":true}]}}