{"id":233,"date":"2022-07-29T11:05:34","date_gmt":"2022-07-29T10:05:34","guid":{"rendered":"https:\/\/wwwtmp.studenti.math.unipd.it\/aule\/?page_id=233"},"modified":"2022-07-29T11:07:08","modified_gmt":"2022-07-29T10:07:08","slug":"lab24h-mac","status":"publish","type":"page","link":"https:\/\/www.studenti.math.unipd.it\/aule\/index.php\/lab24h-mac\/","title":{"rendered":"LAb24h &#8211; MacOS"},"content":{"rendered":"\n<p>Per prima cosa occorre installare il software \u2018Microsoft Remote Desktop 10\u2019 reperibile gratuitamente nell\u2019App Store di Apple come mostrato dalla figura seguente.<\/p>\n\n\n\n<div class=\"wp-block-image\"><figure class=\"aligncenter size-full\"><img loading=\"lazy\" width=\"971\" height=\"575\" src=\"https:\/\/wwwtmp.studenti.math.unipd.it\/aule\/wp-content\/uploads\/2022\/07\/mac_1.jpg\" alt=\"\" class=\"wp-image-234\" srcset=\"https:\/\/www.studenti.math.unipd.it\/aule\/wp-content\/uploads\/2022\/07\/mac_1.jpg 971w, https:\/\/www.studenti.math.unipd.it\/aule\/wp-content\/uploads\/2022\/07\/mac_1-300x178.jpg 300w, https:\/\/www.studenti.math.unipd.it\/aule\/wp-content\/uploads\/2022\/07\/mac_1-768x455.jpg 768w, https:\/\/www.studenti.math.unipd.it\/aule\/wp-content\/uploads\/2022\/07\/mac_1-100x59.jpg 100w, https:\/\/www.studenti.math.unipd.it\/aule\/wp-content\/uploads\/2022\/07\/mac_1-150x89.jpg 150w, https:\/\/www.studenti.math.unipd.it\/aule\/wp-content\/uploads\/2022\/07\/mac_1-200x118.jpg 200w, https:\/\/www.studenti.math.unipd.it\/aule\/wp-content\/uploads\/2022\/07\/mac_1-450x266.jpg 450w, https:\/\/www.studenti.math.unipd.it\/aule\/wp-content\/uploads\/2022\/07\/mac_1-600x355.jpg 600w, https:\/\/www.studenti.math.unipd.it\/aule\/wp-content\/uploads\/2022\/07\/mac_1-900x533.jpg 900w\" sizes=\"(max-width: 971px) 100vw, 971px\" \/><\/figure><\/div>\n\n\n\n<p>Una volta installato il software aprire un \u2018Terminale\u2019 (ad esempio cliccando sullo sfondo dello schermo, selezionando la voce \u2018Utility\u2019 dal menu \u2018Vai\u2019, cercando il programma \u2018Terminal\u2019 nella finestra che compare e cliccandoci sopra due volte). Nella schermata del terminale dobbiamo usare il comando \u2018ssh\u2019 per stabilire il collegamento con il server. Nella schermata di esempio che segue si \u00e8 utilizzata la username \u2018servizio\u2019, naturalmente dovrete usare quella delle credenziali che vi sono state assegnate (esempio: ssh nosso012@rdesktop.math.unipd.it -L 3389:localhost:3389\u2019.<\/p>\n\n\n\n<div class=\"wp-block-image\"><figure class=\"aligncenter size-full\"><img loading=\"lazy\" width=\"830\" height=\"392\" src=\"https:\/\/wwwtmp.studenti.math.unipd.it\/aule\/wp-content\/uploads\/2022\/07\/mac_2.jpg\" alt=\"\" class=\"wp-image-235\" srcset=\"https:\/\/www.studenti.math.unipd.it\/aule\/wp-content\/uploads\/2022\/07\/mac_2.jpg 830w, https:\/\/www.studenti.math.unipd.it\/aule\/wp-content\/uploads\/2022\/07\/mac_2-300x142.jpg 300w, https:\/\/www.studenti.math.unipd.it\/aule\/wp-content\/uploads\/2022\/07\/mac_2-768x363.jpg 768w, https:\/\/www.studenti.math.unipd.it\/aule\/wp-content\/uploads\/2022\/07\/mac_2-100x47.jpg 100w, https:\/\/www.studenti.math.unipd.it\/aule\/wp-content\/uploads\/2022\/07\/mac_2-150x71.jpg 150w, https:\/\/www.studenti.math.unipd.it\/aule\/wp-content\/uploads\/2022\/07\/mac_2-200x94.jpg 200w, https:\/\/www.studenti.math.unipd.it\/aule\/wp-content\/uploads\/2022\/07\/mac_2-450x213.jpg 450w, https:\/\/www.studenti.math.unipd.it\/aule\/wp-content\/uploads\/2022\/07\/mac_2-600x283.jpg 600w\" sizes=\"(max-width: 830px) 100vw, 830px\" \/><\/figure><\/div>\n\n\n\n<p>Una volta inserita la password il collegamento preliminare \u00e8 stabilito e la finestra assume questo aspetto (a parte la username \u2018servizio\u2019 e il numero \u2018004\u2019 che pu\u00f2 variare):<\/p>\n\n\n\n<figure class=\"wp-block-image size-full\"><img loading=\"lazy\" width=\"830\" height=\"401\" src=\"https:\/\/wwwtmp.studenti.math.unipd.it\/aule\/wp-content\/uploads\/2022\/07\/mac_3.jpg\" alt=\"\" class=\"wp-image-236\" srcset=\"https:\/\/www.studenti.math.unipd.it\/aule\/wp-content\/uploads\/2022\/07\/mac_3.jpg 830w, https:\/\/www.studenti.math.unipd.it\/aule\/wp-content\/uploads\/2022\/07\/mac_3-300x145.jpg 300w, https:\/\/www.studenti.math.unipd.it\/aule\/wp-content\/uploads\/2022\/07\/mac_3-768x371.jpg 768w, https:\/\/www.studenti.math.unipd.it\/aule\/wp-content\/uploads\/2022\/07\/mac_3-100x48.jpg 100w, https:\/\/www.studenti.math.unipd.it\/aule\/wp-content\/uploads\/2022\/07\/mac_3-150x72.jpg 150w, https:\/\/www.studenti.math.unipd.it\/aule\/wp-content\/uploads\/2022\/07\/mac_3-200x97.jpg 200w, https:\/\/www.studenti.math.unipd.it\/aule\/wp-content\/uploads\/2022\/07\/mac_3-450x217.jpg 450w, https:\/\/www.studenti.math.unipd.it\/aule\/wp-content\/uploads\/2022\/07\/mac_3-600x290.jpg 600w\" sizes=\"(max-width: 830px) 100vw, 830px\" \/><\/figure>\n\n\n\n<p>Tutto funzioner\u00e0 finch\u00e9 questa finestra sar\u00e0 attiva. Non chiuderla finch\u00e9 non si ha finito di lavorare. A questo punto lanciamo il software scaricato. Lo troviamo nella cartella delle applicazioni e per raggiungerlo una possibilit\u00e0 \u00e8 quella di cliccare sullo sfondo dello schermo, selezionare la voce \u2018Applicazioni\u2019 dal menu \u2018Vai\u2019 e cercare il nuovo programma nella cartella che compare. Una volta lanciato la schermata che si presenta \u00e8:<\/p>\n\n\n\n<div class=\"wp-block-image\"><figure class=\"aligncenter size-full\"><img loading=\"lazy\" width=\"824\" height=\"522\" src=\"https:\/\/wwwtmp.studenti.math.unipd.it\/aule\/wp-content\/uploads\/2022\/07\/mac_4.jpg\" alt=\"\" class=\"wp-image-237\" srcset=\"https:\/\/www.studenti.math.unipd.it\/aule\/wp-content\/uploads\/2022\/07\/mac_4.jpg 824w, https:\/\/www.studenti.math.unipd.it\/aule\/wp-content\/uploads\/2022\/07\/mac_4-300x190.jpg 300w, https:\/\/www.studenti.math.unipd.it\/aule\/wp-content\/uploads\/2022\/07\/mac_4-768x487.jpg 768w, https:\/\/www.studenti.math.unipd.it\/aule\/wp-content\/uploads\/2022\/07\/mac_4-100x63.jpg 100w, https:\/\/www.studenti.math.unipd.it\/aule\/wp-content\/uploads\/2022\/07\/mac_4-150x95.jpg 150w, https:\/\/www.studenti.math.unipd.it\/aule\/wp-content\/uploads\/2022\/07\/mac_4-200x127.jpg 200w, https:\/\/www.studenti.math.unipd.it\/aule\/wp-content\/uploads\/2022\/07\/mac_4-450x285.jpg 450w, https:\/\/www.studenti.math.unipd.it\/aule\/wp-content\/uploads\/2022\/07\/mac_4-600x380.jpg 600w\" sizes=\"(max-width: 824px) 100vw, 824px\" \/><\/figure><\/div>\n\n\n\n<p>Cliccando sul bottone \u2018Add Desktop\u2019 compare una nuova finestra nella quale dobbiamo inserire i parametri per il collegamento, in questo caso pu\u00f2 bastare inserire il termine \u2018localhost\u2019 nel campo \u2018PC name\u2019 come mostrato in figura:<\/p>\n\n\n\n<div class=\"wp-block-image\"><figure class=\"aligncenter size-full\"><img loading=\"lazy\" width=\"837\" height=\"631\" src=\"https:\/\/wwwtmp.studenti.math.unipd.it\/aule\/wp-content\/uploads\/2022\/07\/mac_5.jpg\" alt=\"\" class=\"wp-image-238\" srcset=\"https:\/\/www.studenti.math.unipd.it\/aule\/wp-content\/uploads\/2022\/07\/mac_5.jpg 837w, https:\/\/www.studenti.math.unipd.it\/aule\/wp-content\/uploads\/2022\/07\/mac_5-300x226.jpg 300w, https:\/\/www.studenti.math.unipd.it\/aule\/wp-content\/uploads\/2022\/07\/mac_5-768x579.jpg 768w, https:\/\/www.studenti.math.unipd.it\/aule\/wp-content\/uploads\/2022\/07\/mac_5-100x75.jpg 100w, https:\/\/www.studenti.math.unipd.it\/aule\/wp-content\/uploads\/2022\/07\/mac_5-150x113.jpg 150w, https:\/\/www.studenti.math.unipd.it\/aule\/wp-content\/uploads\/2022\/07\/mac_5-200x151.jpg 200w, https:\/\/www.studenti.math.unipd.it\/aule\/wp-content\/uploads\/2022\/07\/mac_5-450x339.jpg 450w, https:\/\/www.studenti.math.unipd.it\/aule\/wp-content\/uploads\/2022\/07\/mac_5-600x452.jpg 600w\" sizes=\"(max-width: 837px) 100vw, 837px\" \/><\/figure><\/div>\n\n\n\n<p>Una volta inserito il termine \u2018localhost\u2019 cliccare su \u2018Add\u2019. Nella schermata principale compare una grossa icona che riferisce al collegamento a localhost:<\/p>\n\n\n\n<div class=\"wp-block-image\"><figure class=\"aligncenter size-full\"><img loading=\"lazy\" width=\"750\" height=\"516\" src=\"https:\/\/wwwtmp.studenti.math.unipd.it\/aule\/wp-content\/uploads\/2022\/07\/mac_6.jpg\" alt=\"\" class=\"wp-image-239\" srcset=\"https:\/\/www.studenti.math.unipd.it\/aule\/wp-content\/uploads\/2022\/07\/mac_6.jpg 750w, https:\/\/www.studenti.math.unipd.it\/aule\/wp-content\/uploads\/2022\/07\/mac_6-300x206.jpg 300w, https:\/\/www.studenti.math.unipd.it\/aule\/wp-content\/uploads\/2022\/07\/mac_6-100x69.jpg 100w, https:\/\/www.studenti.math.unipd.it\/aule\/wp-content\/uploads\/2022\/07\/mac_6-150x103.jpg 150w, https:\/\/www.studenti.math.unipd.it\/aule\/wp-content\/uploads\/2022\/07\/mac_6-200x138.jpg 200w, https:\/\/www.studenti.math.unipd.it\/aule\/wp-content\/uploads\/2022\/07\/mac_6-450x310.jpg 450w, https:\/\/www.studenti.math.unipd.it\/aule\/wp-content\/uploads\/2022\/07\/mac_6-600x413.jpg 600w\" sizes=\"(max-width: 750px) 100vw, 750px\" \/><\/figure><\/div>\n\n\n\n<p>Cliccare sulla nuova icona, ci vengono chieste di nuovo le nostre credenziali:<\/p>\n\n\n\n<div class=\"wp-block-image\"><figure class=\"aligncenter size-full\"><img loading=\"lazy\" width=\"548\" height=\"262\" src=\"https:\/\/wwwtmp.studenti.math.unipd.it\/aule\/wp-content\/uploads\/2022\/07\/mac_7.jpg\" alt=\"\" class=\"wp-image-240\" srcset=\"https:\/\/www.studenti.math.unipd.it\/aule\/wp-content\/uploads\/2022\/07\/mac_7.jpg 548w, https:\/\/www.studenti.math.unipd.it\/aule\/wp-content\/uploads\/2022\/07\/mac_7-300x143.jpg 300w, https:\/\/www.studenti.math.unipd.it\/aule\/wp-content\/uploads\/2022\/07\/mac_7-100x48.jpg 100w, https:\/\/www.studenti.math.unipd.it\/aule\/wp-content\/uploads\/2022\/07\/mac_7-150x72.jpg 150w, https:\/\/www.studenti.math.unipd.it\/aule\/wp-content\/uploads\/2022\/07\/mac_7-200x96.jpg 200w, https:\/\/www.studenti.math.unipd.it\/aule\/wp-content\/uploads\/2022\/07\/mac_7-450x215.jpg 450w\" sizes=\"(max-width: 548px) 100vw, 548px\" \/><\/figure><\/div>\n\n\n\n<p>Inserire le nostre username e password per le aule informatiche del Dipartimento di Matematica e eventualemente cliccare \u2018Continue\u2019 sulla finestra che chiede di accettare il certificato. A questo punto comparir\u00e0 la finestra della macchina remota e potremo cominciare a lavorare. Alla fine del lavoro chiudere il programma \u2018Microsoft Remote Desktop\u2019 e la finestra del Terminale.<\/p>\n\n\n\n<p><\/p>\n","protected":false},"excerpt":{"rendered":"<p>Per prima cosa occorre installare il software \u2018Microsoft Remote Desktop 10\u2019 reperibile gratuitamente nell\u2019App Store di Apple come mostrato dalla figura seguente. Una volta installato il software aprire un \u2018Terminale\u2019 (ad esempio cliccando sullo sfondo dello schermo, selezionando la voce &hellip;<\/p>\n<p class=\"read-more\"> <a class=\"more-link\" href=\"https:\/\/www.studenti.math.unipd.it\/aule\/index.php\/lab24h-mac\/\"> <span class=\"screen-reader-text\">LAb24h &#8211; MacOS<\/span> Read More &raquo;<\/a><\/p>\n","protected":false},"author":1,"featured_media":0,"parent":0,"menu_order":0,"comment_status":"closed","ping_status":"closed","template":"","meta":[],"_links":{"self":[{"href":"https:\/\/www.studenti.math.unipd.it\/aule\/index.php\/wp-json\/wp\/v2\/pages\/233"}],"collection":[{"href":"https:\/\/www.studenti.math.unipd.it\/aule\/index.php\/wp-json\/wp\/v2\/pages"}],"about":[{"href":"https:\/\/www.studenti.math.unipd.it\/aule\/index.php\/wp-json\/wp\/v2\/types\/page"}],"author":[{"embeddable":true,"href":"https:\/\/www.studenti.math.unipd.it\/aule\/index.php\/wp-json\/wp\/v2\/users\/1"}],"replies":[{"embeddable":true,"href":"https:\/\/www.studenti.math.unipd.it\/aule\/index.php\/wp-json\/wp\/v2\/comments?post=233"}],"version-history":[{"count":2,"href":"https:\/\/www.studenti.math.unipd.it\/aule\/index.php\/wp-json\/wp\/v2\/pages\/233\/revisions"}],"predecessor-version":[{"id":244,"href":"https:\/\/www.studenti.math.unipd.it\/aule\/index.php\/wp-json\/wp\/v2\/pages\/233\/revisions\/244"}],"wp:attachment":[{"href":"https:\/\/www.studenti.math.unipd.it\/aule\/index.php\/wp-json\/wp\/v2\/media?parent=233"}],"curies":[{"name":"wp","href":"https:\/\/api.w.org\/{rel}","templated":true}]}}